{"id":11462,"date":"2018-11-29T05:38:27","date_gmt":"2018-11-29T05:38:27","guid":{"rendered":"https:\/\/www2.prva-klinika.si\/homepage-1\/"},"modified":"2020-07-31T11:48:57","modified_gmt":"2020-07-31T10:48:57","slug":"homepage-1","status":"publish","type":"page","link":"https:\/\/www.prva-klinika.si\/en\/","title":{"rendered":"Home"},"content":{"rendered":"<p>[vc_row cspt-zindex=&#8221;2&#8243; css=&#8221;.vc_custom_1592378707001{margin-right: 0px !important;margin-left: 0px !important;}&#8221; el_class=&#8221;homepage-entry&#8221;][vc_column cspt-bg-color=&#8221;light&#8221; cspt-zindex=&#8221;2&#8243; el_class=&#8221;cspt-box-shadow cspt-brdr-btm-effect&#8221; css=&#8221;.vc_custom_1592379438799{margin-top: -60px !important;}&#8221; cspt-responsive-css=&#8221;94483742|colbreak_no|||||||||colbreak_no|||||||||colbreak_no|60|||||30||30||colbreak_no|||||||||&#8221;][vc_row_inner cspt-bg-color=&#8221;light&#8221;][vc_column_inner el_class=&#8221;homepage-entry-first&#8221; width=&#8221;1\/3&#8243; css=&#8221;.vc_custom_1592381422336{padding-top: 40px !important;padding-right: 15px !important;padding-bottom: 30px !important;padding-left: 15px !important;}&#8221;][vc_custom_heading text=&#8221;OUT OF HOURS VET&#8221; font_container=&#8221;tag:h2|font_size:30px|text_align:center|color:%230a0a0a|line_height:40px&#8221; use_theme_fonts=&#8221;yes&#8221; css=&#8221;.vc_custom_1595318068787{margin-bottom: 8px !important;}&#8221;][vc_column_text css=&#8221;.vc_custom_1595318292149{padding-top: 20px !important;}&#8221; el_class=&#8221;black&#8221;]<\/p>\n<p style=\"text-align: center;\">Emergency Service is available outside normal practice hours. All emergency calls should<br \/>\n<span style=\"letter-spacing: 0px;\">be made to the on-duty vet at:<\/span><\/p>\n<p style=\"text-align: center;\"><a href=\"tel:+386 41 241 241\">+386 41 241 241<\/a><\/p>\n<p>[\/vc_column_text][vc_btn title=&#8221;MORE&#8221; style=&#8221;flat&#8221; align=&#8221;center&#8221; css=&#8221;.vc_custom_1596192513866{margin-top: 10px !important;margin-bottom: 0px !important;}&#8221; el_class=&#8221;cspt-align-left-767&#8243; link=&#8221;url:http%3A%2F%2Fdezurni-veterinar-ljubljana.si||target:%20_blank|&#8221;][\/vc_column_inner][vc_column_inner width=&#8221;1\/3&#8243; css=&#8221;.vc_custom_1592380182609{border-right-width: 1px !important;padding-top: 40px !important;padding-right: 15px !important;padding-bottom: 30px !important;padding-left: 15px !important;border-right-color: #ffffff !important;}&#8221;][vc_custom_heading text=&#8221;HOW TO FIND US&#8221; font_container=&#8221;tag:h2|font_size:30px|text_align:center|color:%230a0a0a|line_height:40px&#8221; use_theme_fonts=&#8221;yes&#8221; css=&#8221;.vc_custom_1595318122244{margin-bottom: 8px !important;}&#8221;][vc_column_text css=&#8221;.vc_custom_1595318160540{padding-top: 20px !important;}&#8221; el_class=&#8221;black&#8221;]We are located at Vi\u010d in Ljubljana behind the Ilirija building.[\/vc_column_text][vc_btn title=&#8221;MORE&#8221; style=&#8221;flat&#8221; align=&#8221;center&#8221; css=&#8221;.vc_custom_1595420120632{margin-top: 10px !important;margin-bottom: 0px !important;}&#8221; el_class=&#8221;cspt-align-left-767&#8243; link=&#8221;url:%2Fen%2Fcontact%23kakodonas|||&#8221;][\/vc_column_inner][vc_column_inner el_class=&#8221;homepage-entry-third&#8221; width=&#8221;1\/3&#8243; css=&#8221;.vc_custom_1592380177233{padding-top: 40px !important;padding-right: 15px !important;padding-bottom: 30px !important;padding-left: 15px !important;}&#8221;][vc_custom_heading text=&#8221;WORKING HOURS&#8221; font_container=&#8221;tag:h2|font_size:30px|text_align:center|color:%230a0a0a|line_height:40px&#8221; use_theme_fonts=&#8221;yes&#8221; css=&#8221;.vc_custom_1595318216284{margin-bottom: 8px !important;}&#8221;][vc_column_text css=&#8221;.vc_custom_1596192537000{padding-top: 20px !important;padding-bottom: 10px !important;}&#8221;]<\/p>\n<p style=\"text-align: center;\">Mon: 8:00 &#8211; 19:30<br \/>\nTue: 8:00 &#8211; 19:30<br \/>\nWed: 8:00 &#8211; 19:30<br \/>\nThu: 8:00 &#8211; 19:30<br \/>\nFri: 8:00 &#8211; 19:30<br \/>\nSat: 8:00 &#8211; 13:00<br \/>\nSunday and holiday: closed<\/p>\n<p>\u00a0[\/vc_column_text][\/vc_column_inner][\/vc_row_inner][\/vc_column][\/vc_row][vc_row][vc_column][vc_empty_space height=&#8221;50px&#8221;][\/vc_column][\/vc_row][vc_row cspt-text-color=&#8221;white&#8221; cspt-bg-color=&#8221;globalcolor&#8221; full_width=&#8221;stretch_row&#8221; disable_element=&#8221;yes&#8221; css=&#8221;.vc_custom_1595321062314{padding-top: 50px !important;padding-bottom: 50px !important;}&#8221;][vc_column width=&#8221;2\/3&#8243;][vc_custom_heading text=&#8221;Vpra\u0161ajte veterinarja&#8221; font_container=&#8221;tag:h2|font_size:32px|text_align:left|line_height:40px&#8221; use_theme_fonts=&#8221;yes&#8221; css=&#8221;.vc_custom_1592314693345{margin-bottom: 8px !important;}&#8221;][vc_column_text css=&#8221;.vc_custom_1592467874327{margin-bottom: 0px !important;}&#8221;]Na tem mestu postavite vpra\u0161anja veterinarjem. Rubrika ni namenjena urgentnim vpra\u0161anjem. Tukaj najdete tudi odgovore na najpogostej\u0161a vpra\u0161anja.[\/vc_column_text][\/vc_column][vc_column width=&#8221;1\/6&#8243; el_class=&#8221;home-button-one&#8221;][vc_btn title=&#8221;VPRA\u0160ANJA&#8221; style=&#8221;outline&#8221; color=&#8221;white&#8221; align=&#8221;right&#8221; css=&#8221;.vc_custom_1592314836696{margin-top: 10px !important;margin-bottom: 0px !important;}&#8221; el_class=&#8221;cspt-align-left-767&#8243;][\/vc_column][vc_column width=&#8221;1\/6&#8243; el_class=&#8221;home-button-two&#8221;][vc_btn title=&#8221;ODGOVORI&#8221; style=&#8221;outline&#8221; color=&#8221;white&#8221; align=&#8221;right&#8221; css=&#8221;.vc_custom_1592314844880{margin-top: 10px !important;margin-bottom: 0px !important;}&#8221; el_class=&#8221;cspt-align-left-767&#8243;][\/vc_column][\/vc_row][vc_row cspt-bg-color=&#8221;light&#8221; full_width=&#8221;stretch_row&#8221; disable_element=&#8221;yes&#8221;][vc_column]<div  class=\"creativesplanet-element creativesplanet-element-blog cspt-element-blog-style-1 creativesplanet-element-viewtype-row-column cspt-sortable-no\" data-show=\"3\" data-columns=\"3\" data-loop=\"false\" data-autoplay=\"false\" data-center=\"false\" data-nav=\"false\" data-dots=\"false\" data-autoplayspeed=\"1000\" data-margin=\"\"><div class=\"creativesplanet-element-inner\"><div class=\"cspt-ele-header-area\"><\/div><\/div><!-- .creativesplanet-element-inner -->   <\/div><!-- .creativesplanet-element -->  [\/vc_column][\/vc_row]<\/p>\n","protected":false},"excerpt":{"rendered":"<p>[vc_row cspt-zindex=&#8221;2&#8243; css=&#8221;.vc_custom_1592378707001{margin-right: 0px !important;margin-left: 0px !important;}&#8221; el_class=&#8221;homepage-entry&#8221;][vc_column cspt-bg-color=&#8221;light&#8221; cspt-zindex=&#8221;2&#8243; el_class=&#8221;cspt-box-shadow cspt-brdr-btm-effect&#8221; css=&#8221;.vc_custom_1592379438799{margin-top: -60px !important;}&#8221; cspt-responsive-css=&#8221;94483742|colbreak_no|||||||||colbreak_no|||||||||colbreak_no|60|||||30||30||colbreak_no|||||||||&#8221;][vc_row_inner cspt-bg-color=&#8221;light&#8221;][vc_column_inner el_class=&#8221;homepage-entry-first&#8221; width=&#8221;1\/3&#8243; css=&#8221;.vc_custom_1592381422336{padding-top: 40px !important;padding-right: 15px !important;padding-bottom: 30px !important;padding-left: 15px !important;}&#8221;][vc_custom_heading text=&#8221;OUT OF HOURS VET&#8221; font_container=&#8221;tag:h2|font_size:30px|text_align:center|color:%230a0a0a|line_height:40px&#8221; use_theme_fonts=&#8221;yes&#8221; css=&#8221;.vc_custom_1595318068787{margin-bottom: 8px !important;}&#8221;][vc_column_text css=&#8221;.vc_custom_1595318292149{padding-top: 20px !important;}&#8221; el_class=&#8221;black&#8221;] Emergency Service is available outside normal practice hours. All emergency calls should be made [&hellip;]<\/p>\n","protected":false},"author":3,"featured_media":0,"parent":0,"menu_order":1,"comment_status":"closed","ping_status":"closed","template":"","meta":[],"acf":[],"aioseo_notices":[],"_links":{"self":[{"href":"https:\/\/www.prva-klinika.si\/en\/wp-json\/wp\/v2\/pages\/11462"}],"collection":[{"href":"https:\/\/www.prva-klinika.si\/en\/wp-json\/wp\/v2\/pages"}],"about":[{"href":"https:\/\/www.prva-klinika.si\/en\/wp-json\/wp\/v2\/types\/page"}],"author":[{"embeddable":true,"href":"https:\/\/www.prva-klinika.si\/en\/wp-json\/wp\/v2\/users\/3"}],"replies":[{"embeddable":true,"href":"https:\/\/www.prva-klinika.si\/en\/wp-json\/wp\/v2\/comments?post=11462"}],"version-history":[{"count":15,"href":"https:\/\/www.prva-klinika.si\/en\/wp-json\/wp\/v2\/pages\/11462\/revisions"}],"predecessor-version":[{"id":11846,"href":"https:\/\/www.prva-klinika.si\/en\/wp-json\/wp\/v2\/pages\/11462\/revisions\/11846"}],"wp:attachment":[{"href":"https:\/\/www.prva-klinika.si\/en\/wp-json\/wp\/v2\/media?parent=11462"}],"curies":[{"name":"wp","href":"https:\/\/api.w.org\/{rel}","templated":true}]}}