{"id":11558,"date":"2018-11-30T10:48:57","date_gmt":"2018-11-30T10:48:57","guid":{"rendered":"https:\/\/www2.prva-klinika.si\/kontakt\/"},"modified":"2020-08-06T11:34:24","modified_gmt":"2020-08-06T10:34:24","slug":"contact","status":"publish","type":"page","link":"https:\/\/www.prva-klinika.si\/en\/contact\/","title":{"rendered":"Contact"},"content":{"rendered":"<p>[vc_row cspt-bg-color=&#8221;white&#8221; cspt-zindex=&#8221;2&#8243; cspt-responsive-css=&#8221;80506668|colbreak_no|||||||||colbreak_yes|||||||||colbreak_no||||||||||colbreak_no|||||||||&#8221; css=&#8221;.vc_custom_1543578681106{padding-top: 0px !important;}&#8221;][vc_column cspt-text-color=&#8221;blackish&#8221; cspt-bg-color=&#8221;secondarycolor&#8221; width=&#8221;5\/12&#8243; cspt-responsive-css=&#8221;73834559|colbreak_no|||||||||colbreak_no||30||30|||||colbreak_no||0||0||||||colbreak_no|||||||||&#8221; css=&#8221;.vc_custom_1592991218913{margin-top: -50px !important;margin-left: 0px !important;padding-top: 70px !important;padding-right: 60px !important;padding-bottom: 60px !important;padding-left: 60px !important;}&#8221;][vc_column_text]<strong style=\"color: #fff;\">PRVA-K Klinika za male \u017eivali d.o.o.<\/strong>[\/vc_column_text][vc_row_inner css=&#8221;.vc_custom_1590584325733{padding-top: 20px !important;}&#8221;][vc_column_inner][vc_custom_heading text=&#8221;Address:&#8221; font_container=&#8221;tag:h5|font_size:20px|text_align:left|color:%23ffffff&#8221; use_theme_fonts=&#8221;yes&#8221;][vc_column_text el_class=&#8221;contact-info&#8221;]<a href=\"https:\/\/www.google.com\/maps?q=Gorki%C4%8Deva+ulica+6+1000+Ljubljana&amp;rlz=1C1GCEA_enSI870SI870&amp;um=1&amp;ie=UTF-8&amp;sa=X&amp;ved=2ahUKEwiVwsbs6IjqAhUKr4sKHZADDKAQ_AUoAXoECA0QAw\">Gorki\u010deva ulica 6, 1000 Ljubljana<\/a>[\/vc_column_text][\/vc_column_inner][\/vc_row_inner][vc_row_inner css=&#8221;.vc_custom_1590584329726{padding-top: 15px !important;}&#8221;][vc_column_inner][vc_custom_heading text=&#8221;Phone:&#8221; font_container=&#8221;tag:h5|font_size:20px|text_align:left|color:%23ffffff&#8221; use_theme_fonts=&#8221;yes&#8221;][vc_column_text el_class=&#8221;contact-info&#8221;]Reception: <a href=\"tel:+38612005180\">+386 (0)1 200-51-80<\/a><br \/>\nStore: <a href=\"tel:+38612005188\">+386 (0)1 200-51-88<\/a><\/p>\n<div id=\"gtx-trans\" style=\"position: absolute; left: -32px; top: -8px;\">\n<div class=\"gtx-trans-icon\"><\/div>\n<\/div>\n<p>[\/vc_column_text][\/vc_column_inner][\/vc_row_inner][vc_row_inner css=&#8221;.vc_custom_1590584333276{padding-top: 15px !important;}&#8221;][vc_column_inner][vc_custom_heading text=&#8221;E-mail:&#8221; font_container=&#8221;tag:h5|font_size:20px|text_align:left|color:%23ffffff&#8221; use_theme_fonts=&#8221;yes&#8221;][vc_column_text el_class=&#8221;contact-info&#8221;]<a href=\"mailto:klinika@prva-klinika.si\">klinika@prva-klinika.si<\/a><\/p>\n<div id=\"gtx-trans\" style=\"position: absolute; left: -33px; top: -8px;\">\n<div class=\"gtx-trans-icon\"><\/div>\n<\/div>\n<p>[\/vc_column_text][\/vc_column_inner][\/vc_row_inner][vc_row_inner css=&#8221;.vc_custom_1590584329726{padding-top: 15px !important;}&#8221;][vc_column_inner][vc_custom_heading text=&#8221;Details:&#8221; font_container=&#8221;tag:h5|font_size:20px|text_align:left|color:%23ffffff&#8221; use_theme_fonts=&#8221;yes&#8221;][vc_column_text el_class=&#8221;contact-info&#8221;]<span class=\"Apple-style-span\">TRR <b>SI56 6100 0001 0541 822<\/b>\u00a0(DELAVSKA HRANILNICA d.d. LJUBLJANA)<\/span><br \/>\nVAT: SI 25153943<br \/>\nRegistration number: 5747732000[\/vc_column_text][\/vc_column_inner][\/vc_row_inner][vc_column_text css=&#8221;.vc_custom_1543579258561{margin-bottom: 0px !important;}&#8221;][\/vc_column_text][vc_empty_space height=&#8221;5px&#8221; el_id=&#8221;kakodonas&#8221;][\/vc_column][vc_column width=&#8221;7\/12&#8243; cspt-responsive-css=&#8221;65164017|colbreak_no|||||||||colbreak_no||30||30||0||0|colbreak_no||||||||||colbreak_no|||||||||&#8221; css=&#8221;.vc_custom_1546937757133{padding-top: 90px !important;padding-left: 70px !important;}&#8221;][vc_custom_heading text=&#8221;Contact us!&#8221; font_container=&#8221;tag:h4|text_align:left&#8221; use_theme_fonts=&#8221;yes&#8221; css=&#8221;.vc_custom_1595409768260{margin-bottom: 30px !important;}&#8221;]\n<div class=\"wpcf7 no-js\" id=\"wpcf7-f11719-o1\" lang=\"sl-SI\" dir=\"ltr\">\n<div class=\"screen-reader-response\"><p role=\"status\" aria-live=\"polite\" aria-atomic=\"true\"><\/p> <ul><\/ul><\/div>\n<form action=\"\/en\/wp-json\/wp\/v2\/pages\/11558#wpcf7-f11719-o1\" method=\"post\" class=\"wpcf7-form init\" aria-label=\"Contact form\" novalidate=\"novalidate\" data-status=\"init\">\n<div style=\"display: none;\">\n<input type=\"hidden\" name=\"_wpcf7\" value=\"11719\" \/>\n<input type=\"hidden\" name=\"_wpcf7_version\" value=\"5.7.7\" \/>\n<input type=\"hidden\" name=\"_wpcf7_locale\" value=\"sl_SI\" \/>\n<input type=\"hidden\" name=\"_wpcf7_unit_tag\" value=\"wpcf7-f11719-o1\" \/>\n<input type=\"hidden\" name=\"_wpcf7_container_post\" value=\"0\" \/>\n<input type=\"hidden\" name=\"_wpcf7_posted_data_hash\" value=\"\" \/>\n<input type=\"hidden\" name=\"_wpcf7_recaptcha_response\" value=\"\" \/>\n<\/div>\n<div class=\"cspt-main-form\">\n\t<div class=\"row\">\n\t\t<div class=\"col-sm-12\">\n\t\t\t<div class=\"input-group\">\n\t\t\t\t<p><span class=\"wpcf7-form-control-wrap\" data-name=\"your-name\"><input size=\"40\" class=\"wpcf7-form-control wpcf7-text wpcf7-validates-as-required\" aria-required=\"true\" aria-invalid=\"false\" placeholder=\"Name and surname *\" value=\"\" type=\"text\" name=\"your-name\" \/><\/span>\n\t\t\t\t<\/p>\n\t\t\t<\/div>\n\t\t<\/div>\n\t\t<div class=\"col-sm-12\">\n\t\t\t<div class=\"input-group\">\n\t\t\t\t<p><span class=\"wpcf7-form-control-wrap\" data-name=\"your-email\"><input size=\"40\" class=\"wpcf7-form-control wpcf7-text wpcf7-email wpcf7-validates-as-required wpcf7-validates-as-email\" aria-required=\"true\" aria-invalid=\"false\" placeholder=\"E-mail *\" value=\"\" type=\"email\" name=\"your-email\" \/><\/span>\n\t\t\t\t<\/p>\n\t\t\t<\/div>\n\t\t<\/div>\n\t\t<div class=\"col-sm-12\">\n\t\t\t<div class=\"input-group\">\n\t\t\t\t<p><span class=\"wpcf7-form-control-wrap\" data-name=\"your-phone\"><input size=\"40\" class=\"wpcf7-form-control wpcf7-text\" aria-invalid=\"false\" placeholder=\"Phone\" value=\"\" type=\"text\" name=\"your-phone\" \/><\/span>\n\t\t\t\t<\/p>\n\t\t\t<\/div>\n\t\t<\/div>\n\t\t<div class=\"col-sm-12\">\n\t\t\t<div class=\"input-group\">\n\t\t\t\t<p><span class=\"wpcf7-form-control-wrap\" data-name=\"message\"><textarea cols=\"40\" rows=\"5\" class=\"wpcf7-form-control wpcf7-textarea\" aria-invalid=\"false\" placeholder=\"Message\" name=\"message\"><\/textarea><\/span>\n\t\t\t\t<\/p>\n\t\t\t<\/div>\n\t\t<\/div>\n\t\t<div class=\"col-sm-12\">\n\t\t\t<div class=\"input-group input-gdpr\">\n\t\t\t\t<p><span class=\"wpcf7-form-control-wrap\" data-name=\"acceptance-gdpr\"><span class=\"wpcf7-form-control wpcf7-acceptance\"><span class=\"wpcf7-list-item\"><input type=\"checkbox\" name=\"acceptance-gdpr\" value=\"1\" aria-invalid=\"false\" \/><\/span><\/span><\/span> I agree to the <a href=\"\/en\/privacy-policy\" target=\"_blank\">privacy policy<\/a>. *\n\t\t\t\t<\/p>\n\t\t\t<\/div>\n\t\t<\/div>\n\t\t<div class=\"col-sm-12\">\n\t\t\t<div class=\"input-group input-button\">\n\t\t\t\t<p><input class=\"wpcf7-form-control has-spinner wpcf7-submit\" type=\"submit\" value=\"Send\" \/>\n\t\t\t\t<\/p>\n\t\t\t<\/div>\n\t\t<\/div>\n\t<\/div>\n<\/div><input type='hidden' class='wpcf7-pum' value='{\"closepopup\":false,\"closedelay\":0,\"openpopup\":false,\"openpopup_id\":0}' \/><div class=\"wpcf7-response-output\" aria-hidden=\"true\"><\/div>\n<\/form>\n<\/div>\n[\/vc_column][\/vc_row][vc_row equal_height=&#8221;yes&#8221; content_placement=&#8221;middle&#8221;][vc_column width=&#8221;5\/12&#8243;][vc_custom_heading text=&#8221;How to find us ?&#8221; font_container=&#8221;tag:h2|font_size:32px|text_align:left|color:%23000000|line_height:40px&#8221; use_theme_fonts=&#8221;yes&#8221;][vc_column_text]If you are arriving from the ring road, take the exit for Ljubljana \u2013 Zahod (Vi\u010d). Drive straight through the traffic lights. At the crossroads near Hofer, turn right into Cesta na Brdo and continue to the intersection with Gregorinova Street, where you will see a railway overpass on your right. Turn right, drive under the overpass and turn right at the traffic lights into Tr\u017ea\u0161ka Street. When you get to a small petrol filling station, turn right off Tr\u017ea\u0161ka Street. After the filling station, turn right again into Boben\u010dkova Street and after 100m right again into Gorki\u010deva Street. You\u2019ve reached your destination! The clinic is on your left and the store is on your right. Welcome!<\/p>\n<p>If you are arriving from the city centre, follow the signs for Vi\u010d. Our clinic is located behind the Ilirija Vedrog building. When you get to a small petrol filling station, turn right off Tr\u017ea\u0161ka. After the filling station, turn right again into Boben\u010dkova Street and after 100m right again into Gorki\u010deva Street. You\u2019ve reached your destination! The clinic is on your left and the store is on your right. Welcome![\/vc_column_text][\/vc_column][vc_column width=&#8221;7\/12&#8243;][vc_raw_html css=&#8221;.vc_custom_1590584182030{margin-bottom: 0px !important;}&#8221;]JTNDaWZyYW1lJTIwc3JjJTNEJTIyaHR0cHMlM0ElMkYlMkZ3d3cuZ29vZ2xlLmNvbSUyRm1hcHMlMkZlbWJlZCUzRnBiJTNEJTIxMW0xOCUyMTFtMTIlMjExbTMlMjExZDI3NjkuMjg5MTM5OTMyNTU0NSUyMTJkMTQuNDgyNTMwMzE1NzgxMTg4JTIxM2Q0Ni4wNDUzMzA3MDI0OTg1OTYlMjEybTMlMjExZjAlMjEyZjAlMjEzZjAlMjEzbTIlMjExaTEwMjQlMjEyaTc2OCUyMTRmMTMuMSUyMTNtMyUyMTFtMiUyMTFzMHg0NzY1MmQ0NGUxNDkxZDczJTI1M0EweGFmZjczMjNiYWE4NzQyOTklMjEyc1BydmEtSyUyNTJDJTI1MjBrbGluaWthJTI1MjB6YSUyNTIwbWFsZSUyNTIwJTI1QzUlMjVCRWl2YWxpJTI1MjBkLm8uby4lMjE1ZTAlMjEzbTIlMjExc3NsJTIxMnNzaSUyMTR2MTU5MDU4NDE2NjQ0NiUyMTVtMiUyMTFzc2wlMjEyc3NpJTIyJTIwd2lkdGglM0QlMjIxMDAlMjUlMjIlMjBoZWlnaHQlM0QlMjI0NTAlMjIlMjBmcmFtZWJvcmRlciUzRCUyMjAlMjIlMjBzdHlsZSUzRCUyMmJvcmRlciUzQTAlM0IlMjIlMjBhbGxvd2Z1bGxzY3JlZW4lM0QlMjIlMjIlMjBhcmlhLWhpZGRlbiUzRCUyMmZhbHNlJTIyJTIwdGFiaW5kZXglM0QlMjIwJTIyJTNFJTNDJTJGaWZyYW1lJTNF[\/vc_raw_html][\/vc_column][\/vc_row]<\/p>\n","protected":false},"excerpt":{"rendered":"<p>[vc_row cspt-bg-color=&#8221;white&#8221; cspt-zindex=&#8221;2&#8243; cspt-responsive-css=&#8221;80506668|colbreak_no|||||||||colbreak_yes|||||||||colbreak_no||||||||||colbreak_no|||||||||&#8221; css=&#8221;.vc_custom_1543578681106{padding-top: 0px !important;}&#8221;][vc_column cspt-text-color=&#8221;blackish&#8221; cspt-bg-color=&#8221;secondarycolor&#8221; width=&#8221;5\/12&#8243; cspt-responsive-css=&#8221;73834559|colbreak_no|||||||||colbreak_no||30||30|||||colbreak_no||0||0||||||colbreak_no|||||||||&#8221; css=&#8221;.vc_custom_1592991218913{margin-top: -50px !important;margin-left: 0px !important;padding-top: 70px !important;padding-right: 60px !important;padding-bottom: 60px !important;padding-left: 60px !important;}&#8221;][vc_column_text]PRVA-K Klinika za male \u017eivali d.o.o.[\/vc_column_text][vc_row_inner css=&#8221;.vc_custom_1590584325733{padding-top: 20px !important;}&#8221;][vc_column_inner][vc_custom_heading text=&#8221;Address:&#8221; font_container=&#8221;tag:h5|font_size:20px|text_align:left|color:%23ffffff&#8221; use_theme_fonts=&#8221;yes&#8221;][vc_column_text el_class=&#8221;contact-info&#8221;]Gorki\u010deva ulica 6, 1000 Ljubljana[\/vc_column_text][\/vc_column_inner][\/vc_row_inner][vc_row_inner css=&#8221;.vc_custom_1590584329726{padding-top: 15px !important;}&#8221;][vc_column_inner][vc_custom_heading text=&#8221;Phone:&#8221; font_container=&#8221;tag:h5|font_size:20px|text_align:left|color:%23ffffff&#8221; use_theme_fonts=&#8221;yes&#8221;][vc_column_text el_class=&#8221;contact-info&#8221;]Reception: +386 (0)1 200-51-80 Store: +386 (0)1 200-51-88 [\/vc_column_text][\/vc_column_inner][\/vc_row_inner][vc_row_inner [&hellip;]<\/p>\n","protected":false},"author":3,"featured_media":0,"parent":0,"menu_order":14,"comment_status":"closed","ping_status":"closed","template":"","meta":[],"acf":[],"aioseo_notices":[],"_links":{"self":[{"href":"https:\/\/www.prva-klinika.si\/en\/wp-json\/wp\/v2\/pages\/11558"}],"collection":[{"href":"https:\/\/www.prva-klinika.si\/en\/wp-json\/wp\/v2\/pages"}],"about":[{"href":"https:\/\/www.prva-klinika.si\/en\/wp-json\/wp\/v2\/types\/page"}],"author":[{"embeddable":true,"href":"https:\/\/www.prva-klinika.si\/en\/wp-json\/wp\/v2\/users\/3"}],"replies":[{"embeddable":true,"href":"https:\/\/www.prva-klinika.si\/en\/wp-json\/wp\/v2\/comments?post=11558"}],"version-history":[{"count":13,"href":"https:\/\/www.prva-klinika.si\/en\/wp-json\/wp\/v2\/pages\/11558\/revisions"}],"predecessor-version":[{"id":11997,"href":"https:\/\/www.prva-klinika.si\/en\/wp-json\/wp\/v2\/pages\/11558\/revisions\/11997"}],"wp:attachment":[{"href":"https:\/\/www.prva-klinika.si\/en\/wp-json\/wp\/v2\/media?parent=11558"}],"curies":[{"name":"wp","href":"https:\/\/api.w.org\/{rel}","templated":true}]}}