{"id":11530,"date":"2020-07-23T11:33:36","date_gmt":"2020-07-23T10:33:36","guid":{"rendered":"https:\/\/www2.prva-klinika.si\/veterinarski-nasvet\/?page_id=11530"},"modified":"2020-07-23T14:15:25","modified_gmt":"2020-07-23T13:15:25","slug":"vprasaj-veterinarja","status":"publish","type":"page","link":"https:\/\/www.prva-klinika.si\/veterinarski-nasvet\/vprasaj-veterinarja\/","title":{"rendered":"Vpra\u0161aj veterinarja"},"content":{"rendered":"<p>[vc_row][vc_column][vc_column_text]<\/p>\n<h4><strong>Pozor!<\/strong><\/h4>\n<p>Kadar bo va\u0161e vpra\u0161anje preve\u010d specifi\u010dno, da bi ga objavili na spletni strani, vam bomo odgovorili na va\u0161 elektronski naslov. Zato bodite pozorni, da je naslov pravilen. Zavezujemo se, da bo va\u0161 elektronski naslov uporabljen samo v ta namen.<\/p>\n<p><strong>Stran ni namenjena odgovarjanju na urgentna vpra\u0161anja. Odgovor je podan \u0161ele po nekaj dneh, pod kategorijo \u201cZadnja vpra\u0161anja\u201d.<\/strong><br \/>\n<strong>Za hiter odgovor ali pregled raje pokli\u010dite <a href=\"tel:0038612005180\">(01) 200 51 80<\/a>.<\/strong><\/p>\n<ul>\n<li>Za iskanje, <strong>uporabite vnosno polje I\u0160\u010cI desno zgoraj<\/strong>. V kvadratek vpi\u0161ite klju\u010dno besedo (npr. \u201cbolhe\u201d, \u201csrbe\u010dica\u201d\u2026) in kliknite i\u0161\u010di. Pokazala se bodo vsa vpra\u0161anja in odgovori, ki vsebujejo to besedo.<\/li>\n<li>Brskate lahko tudi po razli\u010dnih <strong>kategorijah<\/strong> (na desni strani), kjer so vpra\u0161anja in odgovori tematsko razdeljeni.<\/li>\n<\/ul>\n<p>&nbsp;<\/p>\n<div role=\"form\" class=\"wpcf7\" id=\"wpcf7-f11771-o1\" lang=\"sl-SI\" dir=\"ltr\">\n<div class=\"screen-reader-response\"><p role=\"status\" aria-live=\"polite\" aria-atomic=\"true\"><\/p> <ul><\/ul><\/div>\n<form action=\"\/veterinarski-nasvet\/wp-json\/wp\/v2\/pages\/11530#wpcf7-f11771-o1\" method=\"post\" class=\"wpcf7-form init\" novalidate=\"novalidate\" data-status=\"init\">\n<div style=\"display: none;\">\n<input type=\"hidden\" name=\"_wpcf7\" value=\"11771\" \/>\n<input type=\"hidden\" name=\"_wpcf7_version\" value=\"5.5.3\" \/>\n<input type=\"hidden\" name=\"_wpcf7_locale\" value=\"sl_SI\" \/>\n<input type=\"hidden\" name=\"_wpcf7_unit_tag\" value=\"wpcf7-f11771-o1\" \/>\n<input type=\"hidden\" name=\"_wpcf7_container_post\" value=\"0\" \/>\n<input type=\"hidden\" name=\"_wpcf7_posted_data_hash\" value=\"\" \/>\n<input type=\"hidden\" name=\"_wpcf7_recaptcha_response\" value=\"\" \/>\n<\/div>\n<p><label> Naslov vpra\u0161anja (obvezno)<br \/>\n<span class=\"wpcf7-form-control-wrap your-subject\"><input type=\"text\" name=\"your-subject\" value=\"\" size=\"40\" class=\"wpcf7-form-control wpcf7-text wpcf7-validates-as-required\" aria-required=\"true\" aria-invalid=\"false\" \/><\/span> <\/label><\/p>\n<p><label class=\"width-fix\"> Besedilo vpra\u0161anja (obvezno)<br \/>\n<span class=\"wpcf7-form-control-wrap your-message\"><textarea name=\"your-message\" cols=\"40\" rows=\"10\" class=\"wpcf7-form-control wpcf7-textarea wpcf7-validates-as-required\" aria-required=\"true\" aria-invalid=\"false\"><\/textarea><\/span> <\/label><\/p>\n<p><label> Ime (obvezno)<br \/>\n<span class=\"wpcf7-form-control-wrap your-name\"><input type=\"text\" name=\"your-name\" value=\"\" size=\"40\" class=\"wpcf7-form-control wpcf7-text wpcf7-validates-as-required\" aria-required=\"true\" aria-invalid=\"false\" \/><\/span> <\/label><\/p>\n<p><label> Elektronski naslov (obvezno)<br \/>\n<span class=\"wpcf7-form-control-wrap your-email\"><input type=\"email\" name=\"your-email\" value=\"\" size=\"40\" class=\"wpcf7-form-control wpcf7-text wpcf7-email wpcf7-validates-as-required wpcf7-validates-as-email\" aria-required=\"true\" aria-invalid=\"false\" \/><\/span> <\/label><\/p>\n<p><span class=\"wpcf7-form-control-wrap acceptance-gdpr\"><span class=\"wpcf7-form-control wpcf7-acceptance\"><span class=\"wpcf7-list-item\"><input type=\"checkbox\" name=\"acceptance-gdpr\" value=\"1\" aria-invalid=\"false\" \/><\/span><\/span><\/span> Strinjam se s <strong><a href=\"https:\/\/www.prva-klinika.si\/politika-zasebnosti\/\" target=\"_blank\">splo\u0161nimi pogoji<\/a><\/strong> o varovanju osebnih podatkov. *<\/p>\n<p><input type=\"submit\" value=\"Po\u0161lji vpra\u0161anje\" class=\"wpcf7-form-control has-spinner wpcf7-submit\" \/><\/p>\n<div class=\"wpcf7-response-output\" aria-hidden=\"true\"><\/div><\/form><\/div>[\/vc_column_text][\/vc_column][\/vc_row]<\/p>\n","protected":false},"excerpt":{"rendered":"<p>[vc_row][vc_column][vc_column_text] Pozor! Kadar bo va\u0161e vpra\u0161anje preve\u010d specifi\u010dno, da bi ga objavili na spletni strani, vam bomo odgovorili na va\u0161 elektronski naslov. Zato bodite pozorni, da je naslov pravilen. Zavezujemo se, da bo va\u0161 elektronski naslov uporabljen samo v ta namen. Stran ni namenjena odgovarjanju na urgentna vpra\u0161anja. Odgovor je podan \u0161ele po nekaj dneh, [&hellip;]<\/p>\n","protected":false},"author":1,"featured_media":0,"parent":0,"menu_order":0,"comment_status":"closed","ping_status":"closed","template":"","meta":[],"acf":[],"_links":{"self":[{"href":"https:\/\/www.prva-klinika.si\/veterinarski-nasvet\/wp-json\/wp\/v2\/pages\/11530"}],"collection":[{"href":"https:\/\/www.prva-klinika.si\/veterinarski-nasvet\/wp-json\/wp\/v2\/pages"}],"about":[{"href":"https:\/\/www.prva-klinika.si\/veterinarski-nasvet\/wp-json\/wp\/v2\/types\/page"}],"author":[{"embeddable":true,"href":"https:\/\/www.prva-klinika.si\/veterinarski-nasvet\/wp-json\/wp\/v2\/users\/1"}],"replies":[{"embeddable":true,"href":"https:\/\/www.prva-klinika.si\/veterinarski-nasvet\/wp-json\/wp\/v2\/comments?post=11530"}],"version-history":[{"count":5,"href":"https:\/\/www.prva-klinika.si\/veterinarski-nasvet\/wp-json\/wp\/v2\/pages\/11530\/revisions"}],"predecessor-version":[{"id":16333,"href":"https:\/\/www.prva-klinika.si\/veterinarski-nasvet\/wp-json\/wp\/v2\/pages\/11530\/revisions\/16333"}],"wp:attachment":[{"href":"https:\/\/www.prva-klinika.si\/veterinarski-nasvet\/wp-json\/wp\/v2\/media?parent=11530"}],"curies":[{"name":"wp","href":"https:\/\/api.w.org\/{rel}","templated":true}]}}